{"id":90,"date":"2024-04-24T15:29:16","date_gmt":"2024-04-24T13:29:16","guid":{"rendered":"https:\/\/anima-productions.com\/_clients\/bravoh\/?page_id=90"},"modified":"2024-06-24T11:43:06","modified_gmt":"2024-06-24T09:43:06","slug":"mentions-legales","status":"publish","type":"page","link":"http:\/\/anima-productions.com\/_clients\/bravoh\/mentions-legales\/","title":{"rendered":"Mentions l\u00e9gales"},"content":{"rendered":"\n<p><strong>\u00c9diteur responsable<\/strong><\/p>\n\n\n\n<p><strong>Clisson S\u00e8vre et Maine Agglo<\/strong><br>13 rue des Ajoncs<br>44194 CLISSON Cedex<br>T\u00e9l. 02 40 54 75 15<\/p>\n\n\n\n<p><em>Licence d\u2019entrepreneur de spectacles : 1-103552 2-103553 3-103554<\/em><\/p>\n\n\n\n<p><strong>Directeur de la publication :<\/strong> Jean-Guy Cornu, Pr\u00e9sident de Clisson S\u00e8vre et Maine Agglo.<\/p>\n\n\n\n<p><strong>Conception \u2013 Production\u00a0<\/strong>: <a href=\"https:\/\/www.anima-productions.com\/\" target=\"_blank\" rel=\"noreferrer noopener\">www.animaproductions.com<\/a><\/p>\n\n\n\n<p><strong>H\u00e9bergement <\/strong>: <a href=\"http:\/\/www.ovhcloud.com\" target=\"_blank\" rel=\"noreferrer noopener\">OVH<\/a><\/p>\n","protected":false},"excerpt":{"rendered":"<p>\u00c9diteur responsable Clisson S\u00e8vre et Maine Agglo13 rue des Ajoncs44194 CLISSON CedexT\u00e9l. 02 40 54 75 15 Licence d\u2019entrepreneur de spectacles : 1-103552 2-103553 3-103554 Directeur de la publication : Jean-Guy Cornu, Pr\u00e9sident de Clisson S\u00e8vre et Maine Agglo. Conception \u2013 Production\u00a0: www.animaproductions.com H\u00e9bergement : OVH<\/p>\n","protected":false},"author":1,"featured_media":0,"parent":0,"menu_order":0,"comment_status":"closed","ping_status":"closed","template":"","meta":{"_acf_changed":false,"footnotes":""},"class_list":["post-90","page","type-page","status-publish","hentry","entry"],"acf":[],"_links":{"self":[{"href":"http:\/\/anima-productions.com\/_clients\/bravoh\/wp-json\/wp\/v2\/pages\/90","targetHints":{"allow":["GET"]}}],"collection":[{"href":"http:\/\/anima-productions.com\/_clients\/bravoh\/wp-json\/wp\/v2\/pages"}],"about":[{"href":"http:\/\/anima-productions.com\/_clients\/bravoh\/wp-json\/wp\/v2\/types\/page"}],"author":[{"embeddable":true,"href":"http:\/\/anima-productions.com\/_clients\/bravoh\/wp-json\/wp\/v2\/users\/1"}],"replies":[{"embeddable":true,"href":"http:\/\/anima-productions.com\/_clients\/bravoh\/wp-json\/wp\/v2\/comments?post=90"}],"version-history":[{"count":5,"href":"http:\/\/anima-productions.com\/_clients\/bravoh\/wp-json\/wp\/v2\/pages\/90\/revisions"}],"predecessor-version":[{"id":877,"href":"http:\/\/anima-productions.com\/_clients\/bravoh\/wp-json\/wp\/v2\/pages\/90\/revisions\/877"}],"wp:attachment":[{"href":"http:\/\/anima-productions.com\/_clients\/bravoh\/wp-json\/wp\/v2\/media?parent=90"}],"curies":[{"name":"wp","href":"https:\/\/api.w.org\/{rel}","templated":true}]}}