{"id":765,"date":"2024-06-18T18:47:16","date_gmt":"2024-06-18T16:47:16","guid":{"rendered":"http:\/\/anima-productions.com\/_clients\/bravoh\/?page_id=765"},"modified":"2024-06-20T15:19:06","modified_gmt":"2024-06-20T13:19:06","slug":"lequipe","status":"publish","type":"page","link":"http:\/\/anima-productions.com\/_clients\/bravoh\/lequipe\/","title":{"rendered":"L&rsquo;\u00e9quipe"},"content":{"rendered":"\n<p class=\"has-green-background-color has-background\"><strong>Christophe Andrieux<\/strong>, agent technique<br><strong>Gwenn Carrier<\/strong>, r\u00e9gisseuse g\u00e9n\u00e9rale<br><strong>Erell Mathieu<\/strong>, coordinatrice du projet culturel de territoire<br><strong>Sabrina Rousseau<\/strong>, assistante du service culturel<br><strong>Baptiste Turpaud<\/strong>, responsable du service culturel &#8211; Programmateur<br><strong>Magali Vannier<\/strong>, charg\u00e9e de la billetterie et de l\u2019accueil des publics<br><br>Cette \u00e9quipe de permanents s&rsquo;appuie sur des techniciennes et techniciens, des habilleuses, des intermittents, &#8230; qui font que les spectacles ont lieu.<br><br>Elle peut \u00e9galement compter sur une fabuleuse \u00e9quipe de <strong>b\u00e9n\u00e9voles<\/strong> qui contribue \u00e0 la bonne tenue des spectacles toute l&rsquo;ann\u00e9e. Vous souhaitez \u00eatre b\u00e9n\u00e9vole ? C&rsquo;est par ici !<br><\/p>\n","protected":false},"excerpt":{"rendered":"<p>Christophe Andrieux, agent techniqueGwenn Carrier, r\u00e9gisseuse g\u00e9n\u00e9raleErell Mathieu, coordinatrice du projet culturel de territoireSabrina Rousseau, assistante du service culturelBaptiste Turpaud, responsable du service culturel &#8211; ProgrammateurMagali Vannier, charg\u00e9e de la billetterie et de l\u2019accueil des publics Cette \u00e9quipe de permanents s&rsquo;appuie sur des techniciennes et techniciens, des habilleuses, des intermittents, &#8230; qui font que les&hellip; <a class=\"more-link\" href=\"http:\/\/anima-productions.com\/_clients\/bravoh\/lequipe\/\">Continue reading <span class=\"screen-reader-text\">L&rsquo;\u00e9quipe<\/span><\/a><\/p>\n","protected":false},"author":5,"featured_media":0,"parent":0,"menu_order":0,"comment_status":"closed","ping_status":"closed","template":"","meta":{"_acf_changed":false,"footnotes":""},"class_list":["post-765","page","type-page","status-publish","hentry","entry"],"acf":[],"_links":{"self":[{"href":"http:\/\/anima-productions.com\/_clients\/bravoh\/wp-json\/wp\/v2\/pages\/765","targetHints":{"allow":["GET"]}}],"collection":[{"href":"http:\/\/anima-productions.com\/_clients\/bravoh\/wp-json\/wp\/v2\/pages"}],"about":[{"href":"http:\/\/anima-productions.com\/_clients\/bravoh\/wp-json\/wp\/v2\/types\/page"}],"author":[{"embeddable":true,"href":"http:\/\/anima-productions.com\/_clients\/bravoh\/wp-json\/wp\/v2\/users\/5"}],"replies":[{"embeddable":true,"href":"http:\/\/anima-productions.com\/_clients\/bravoh\/wp-json\/wp\/v2\/comments?post=765"}],"version-history":[{"count":7,"href":"http:\/\/anima-productions.com\/_clients\/bravoh\/wp-json\/wp\/v2\/pages\/765\/revisions"}],"predecessor-version":[{"id":817,"href":"http:\/\/anima-productions.com\/_clients\/bravoh\/wp-json\/wp\/v2\/pages\/765\/revisions\/817"}],"wp:attachment":[{"href":"http:\/\/anima-productions.com\/_clients\/bravoh\/wp-json\/wp\/v2\/media?parent=765"}],"curies":[{"name":"wp","href":"https:\/\/api.w.org\/{rel}","templated":true}]}}