{"id":72,"date":"2024-04-17T15:25:43","date_gmt":"2024-04-17T13:25:43","guid":{"rendered":"http:\/\/anima-productions.com\/_clients\/bravoh\/?page_id=72"},"modified":"2024-06-23T22:06:18","modified_gmt":"2024-06-23T20:06:18","slug":"infos-pratiques","status":"publish","type":"page","link":"http:\/\/anima-productions.com\/_clients\/bravoh\/infos-pratiques\/","title":{"rendered":"Pr\u00e9parer sa venue"},"content":{"rendered":"<div class=\"BR24_CONTENT_BLOCK BR24_CHAPEAU\"><\/div>\n\n\n<h3 class=\"wp-block-heading\" class=\"wp-block-heading\" id=\"feuilleter-la-brochure-de-saison-2024-2025\">Feuilleter la brochure de saison 2024-2025<\/h3>\n\n\n\n<div style=\"text-align:left;\"><iframe loading=\"lazy\" src=\"\/\/v.calameo.com\/?bkcode=004967837d27bed085c01&#038;mode=mini\" width=\"480\" height=\"300\" frameborder=\"0\" scrolling=\"no\" allowtransparency allowfullscreen style=\"margin:0 auto;\"><\/iframe><\/div>\n\n\n\n<h3 class=\"wp-block-heading\" class=\"wp-block-heading\" id=\"accueil-des-spectateurs\">Accueil des spectateurs <\/h3>\n\n\n\n<p>Le placement en salle est libre.<br>En cas de retard, l\u2019acc\u00e8s \u00e0 la salle peut \u00eatre refus\u00e9 selon les spectacles.<\/p>\n\n\n\n<p>La salle est accessible aux personnes \u00e0 mobilit\u00e9 r\u00e9duite. Nous vous remercions de nous informer en amont de votre venue, afin de vous garantir un accueil dans les meilleures conditions.&nbsp;<\/p>\n\n\n\n<p>Les t\u00e9l\u00e9phones portables doivent \u00eatre \u00e9teints. Les enregistrements et les prises d\u2019images sont formellement interdits.<\/p>\n\n\n\n<p>Un bar est ouvert 30 minutes avant le spectacle et 1 heure apr\u00e8s.&nbsp;<\/p>\n\n\n\n<p><br><\/p>\n\n\n\n<h3 class=\"wp-block-heading\" class=\"wp-block-heading\" id=\"bon-a-savoir\">Bon \u00e0 savoir<\/h3>\n\n\n\n<p>Nous r\u00e9servons toujours un quota de places tout public lors des s\u00e9ances scolaires au tarif unique de 6 \u20ac (except\u00e9 les s\u00e9ances pour coll\u00e9giens).<br>Contactez-nous au 02 40 80 25 50<\/p>\n","protected":false},"excerpt":{"rendered":"<p>Feuilleter la brochure de saison 2024-2025 Accueil des spectateurs Le placement en salle est libre.En cas de retard, l\u2019acc\u00e8s \u00e0 la salle peut \u00eatre refus\u00e9 selon les spectacles. La salle est accessible aux personnes \u00e0 mobilit\u00e9 r\u00e9duite. Nous vous remercions de nous informer en amont de votre venue, afin de vous garantir un accueil dans&hellip; <a class=\"more-link\" href=\"http:\/\/anima-productions.com\/_clients\/bravoh\/infos-pratiques\/\">Continue reading <span class=\"screen-reader-text\">Pr\u00e9parer sa venue<\/span><\/a><\/p>\n","protected":false},"author":1,"featured_media":0,"parent":0,"menu_order":0,"comment_status":"closed","ping_status":"closed","template":"","meta":{"_acf_changed":false,"footnotes":""},"class_list":["post-72","page","type-page","status-publish","hentry","entry"],"acf":[],"_links":{"self":[{"href":"http:\/\/anima-productions.com\/_clients\/bravoh\/wp-json\/wp\/v2\/pages\/72","targetHints":{"allow":["GET"]}}],"collection":[{"href":"http:\/\/anima-productions.com\/_clients\/bravoh\/wp-json\/wp\/v2\/pages"}],"about":[{"href":"http:\/\/anima-productions.com\/_clients\/bravoh\/wp-json\/wp\/v2\/types\/page"}],"author":[{"embeddable":true,"href":"http:\/\/anima-productions.com\/_clients\/bravoh\/wp-json\/wp\/v2\/users\/1"}],"replies":[{"embeddable":true,"href":"http:\/\/anima-productions.com\/_clients\/bravoh\/wp-json\/wp\/v2\/comments?post=72"}],"version-history":[{"count":13,"href":"http:\/\/anima-productions.com\/_clients\/bravoh\/wp-json\/wp\/v2\/pages\/72\/revisions"}],"predecessor-version":[{"id":861,"href":"http:\/\/anima-productions.com\/_clients\/bravoh\/wp-json\/wp\/v2\/pages\/72\/revisions\/861"}],"wp:attachment":[{"href":"http:\/\/anima-productions.com\/_clients\/bravoh\/wp-json\/wp\/v2\/media?parent=72"}],"curies":[{"name":"wp","href":"https:\/\/api.w.org\/{rel}","templated":true}]}}