{"id":458,"date":"2024-06-13T15:49:45","date_gmt":"2024-06-13T13:49:45","guid":{"rendered":"https:\/\/anima-productions.com\/_clients\/bravoh\/?page_id=458"},"modified":"2024-06-18T18:17:15","modified_gmt":"2024-06-18T16:17:15","slug":"topos","status":"publish","type":"page","link":"http:\/\/anima-productions.com\/_clients\/bravoh\/topos\/","title":{"rendered":"TOPO(S)"},"content":{"rendered":"\n<p class=\"has-text-align-center\"><strong>TOPO(S) <\/strong>est un \u00e9v\u00e8nement imagin\u00e9 par Clisson S\u00e8vre et maine Agglo pour, chaque ann\u00e9e, mettre \u00e0 l&rsquo;honneur le territoire, dans toute sa diversit\u00e9, \u00e0 la rencontre de l&rsquo;art. Apr\u00e8s une premi\u00e8re \u00e9dition consacr\u00e9e \u00e0 interroger la notion de <strong>territoire<\/strong>, une deuxi\u00e8me d\u00e9di\u00e9e \u00e0 la <strong>danse et aux paysages,<\/strong> l&rsquo;\u00e9dition 2025 va donner la <strong>parole<\/strong> et s&rsquo;installer pour cela \u00e0 <strong>La Haye-Fouassi\u00e8re<\/strong>.<\/p>\n\n\n\n<p><\/p>\n\n\n\n<p class=\"has-text-align-center has-red-background-color has-background\"><em>L&rsquo;aventure TOPO(S) est \u00e0 suivre sur <strong><a href=\"https:\/\/topos-lerecit.fr\/\" data-type=\"link\" data-id=\"https:\/\/topos-lerecit.fr\/\" target=\"_blank\" rel=\"noreferrer noopener\">TOPO(S)-le recit.fr<\/a><\/strong>. <br>Benjamin Rullier, journaliste photographe, nous y livre avec son \u0153il d&rsquo;artiste les coulisses du projet. <\/em><\/p>\n\n\n<div class=\"wp-block-image\">\n<figure class=\"aligncenter size-full is-resized\"><img loading=\"lazy\" decoding=\"async\" width=\"1862\" height=\"949\" src=\"https:\/\/anima-productions.com\/_clients\/bravoh\/wp-content\/uploads\/2024\/06\/447883664_859132499572805_6903202193090952464_n.jpg\" alt=\"Topo(s) 2024 \u00e0 Boussay \" class=\"wp-image-465\" style=\"width:857px;height:auto\" srcset=\"http:\/\/anima-productions.com\/_clients\/bravoh\/wp-content\/uploads\/2024\/06\/447883664_859132499572805_6903202193090952464_n.jpg 1862w, http:\/\/anima-productions.com\/_clients\/bravoh\/wp-content\/uploads\/2024\/06\/447883664_859132499572805_6903202193090952464_n-300x153.jpg 300w, http:\/\/anima-productions.com\/_clients\/bravoh\/wp-content\/uploads\/2024\/06\/447883664_859132499572805_6903202193090952464_n-1536x783.jpg 1536w, http:\/\/anima-productions.com\/_clients\/bravoh\/wp-content\/uploads\/2024\/06\/447883664_859132499572805_6903202193090952464_n-1568x799.jpg 1568w, http:\/\/anima-productions.com\/_clients\/bravoh\/wp-content\/uploads\/2024\/06\/447883664_859132499572805_6903202193090952464_n-1800x917.jpg 1800w\" sizes=\"auto, (max-width: 1862px) 100vw, 1862px\" \/><\/figure>\n<\/div>\n\n\n<h2 class=\"wp-block-heading\" class=\"wp-block-heading\" id=\"topos-3-label-parole-juin-25\">TOPO(S) #3 &#8211; LABEL PAROLE &#8211; JUIN 25<\/h2>\n\n\n\n<p>Donner la parole \u00e0 qui ? Aux habitants du territoire, petits et grands, ceux que l\u2019on n\u2019entend jamais, ceux qui n\u2019ont pas les mots, donner la parole aussi aux artistes aux \u00e9critures singuli\u00e8res, dont le collectif Esp\u00e8ces d\u2019Espaces*. La parole pourra \u00eatre intime, encyclop\u00e9dique, murmur\u00e9e, corporelle, document\u00e9e ou fictionnelle, l\u2019envie est d\u2019\u00e9couter les petites et les grandes histoires.<\/p>\n\n\n\n<div class=\"wp-block-media-text is-stacked-on-mobile is-vertically-aligned-top\" style=\"grid-template-columns:26% auto\"><figure class=\"wp-block-media-text__media\"><img loading=\"lazy\" decoding=\"async\" width=\"1000\" height=\"1500\" src=\"https:\/\/anima-productions.com\/_clients\/bravoh\/wp-content\/uploads\/2024\/06\/\u00a9Romain_Charrier_Transfert_170721_BD_65.jpg\" alt=\"\" class=\"wp-image-479 size-full\" srcset=\"http:\/\/anima-productions.com\/_clients\/bravoh\/wp-content\/uploads\/2024\/06\/\u00a9Romain_Charrier_Transfert_170721_BD_65.jpg 1000w, http:\/\/anima-productions.com\/_clients\/bravoh\/wp-content\/uploads\/2024\/06\/\u00a9Romain_Charrier_Transfert_170721_BD_65-200x300.jpg 200w\" sizes=\"auto, (max-width: 1000px) 100vw, 1000px\" \/><\/figure><div class=\"wp-block-media-text__content\">\n<p>Mais ne nous contentons pas de seulement \u00e9couter. La parole se mettra au contact des cinq sens : ECOUTER, VOIR, SENTIR, TOUCHER, GOUTER, autant d\u2019exp\u00e9riences pour appr\u00e9hender les arts de la parole.<\/p>\n\n\n\n<p>TOPO(S) offrira une exp\u00e9rience immersive et sensorielle, \u00e0 travers des performances artistiques et participatives.<\/p>\n\n\n\n<p>*<strong>Esp\u00e8ces d\u2019Espaces <\/strong>\u2013 un collectif d\u2019artistes en r\u00e9sidence sur le territoire en 24-25<\/p>\n\n\n\n<p>Ils d\u00e9veloppent des formes spectaculaires hybrides m\u00ealant cin\u00e9ma, cr\u00e9ation sonore, th\u00e9\u00e2tre et installations sc\u00e9nographiques. Leur but : r\u00e9v\u00e9ler la po\u00e9sie de nos espaces quotidiens pour en faire \u00e9merger des histoires entre r\u00e9el et fiction.<\/p>\n\n\n\n<p><strong>Soyez attentifs, ils auront s\u00fbrement besoin de vous !<\/strong><\/p>\n<\/div><\/div>\n\n\n<div class=\"BR24_CONTENT_BLOCK BR24_BOITE_PROMO\"  style = background-color:#f4cb16 ><div class=\"BR24_BP_TEXTE\"><div class=\"BR24_BP_TITRE\"><\/div><div class=\"BR24_BP_TEXTE_CONTENU\"><p>Les 7 et 8 juin 2025 &#8211; Centre-ville de la Haye-Fouassi\u00e8re &#8211; Gratuit<\/p>\n<p>En partenariat avec la commune de La Haye-Fouassi\u00e8re<\/p>\n<\/div><\/div><\/div>\n\n\n<hr class=\"wp-block-separator has-alpha-channel-opacity\"\/>\n\n\n\n<h3 class=\"wp-block-heading has-text-align-center\" class=\"wp-block-heading has-text-align-center\" id=\"retour-sur-les-precedentes-editions-de-topos\"><strong><em>Retour sur les pr\u00e9c\u00e9dentes \u00e9ditions de TOPO(S) &#8230;<\/em><\/strong><\/h3>\n\n\n\n<p><\/p>\n\n\n\n<h2 class=\"wp-block-heading has-text-align-center\" class=\"wp-block-heading has-text-align-center\" id=\"topos-1\"><strong>TOPO(S) #1<\/strong><\/h2>\n\n\n\n<p>Pour cette premi\u00e8re \u00e9dition, Clisson S\u00e8vre Maine Agglo s&rsquo;est associ\u00e9 au Grand T, th\u00e9\u00e2tre de Loire-Atlantique pour imaginer ensemble un projet artistique qui interroge la notion de<strong> territoire<\/strong>. Un territoire historique, un territoire social, un territoire de pens\u00e9es, qui se d\u00e9couvre, se d\u00e9livre, se raconte, s&rsquo;observe, s&rsquo;arpente et s&rsquo;exp\u00e9rimente, un territoire qui c\u00e9l\u00e8bre la cr\u00e9ation. <\/p>\n\n\n\n<p>Quatre compagnies artistiques et un collectif d&rsquo;artistes ont accompagn\u00e9 cette d\u00e9marche et cinq communes ont accueilli ces propositions aux formats \u00e9tonnants dans des lieux non d\u00e9di\u00e9s en pleine nature. <\/p>\n\n\n\n<p>TOPO(S) c&rsquo;est \u00e9galement un Projet d&rsquo;Education Artistique et Culturelle innovant pour 6 classes de coll\u00e8ges du territoire comprenant un parcours de spectacles, 25h d&rsquo;ateliers de pratique artistique\/ classe et un temps de restitution.<\/p>\n\n\n\n<h4 class=\"wp-block-heading\" class=\"wp-block-heading\" id=\"joue-ta-pnyx-5-et-6-decembre-2022-saint-lumine-de-clisson\"><a href=\"https:\/\/topos-lerecit.fr\/avoixhaute\/\">JOUE TA PNYX !<\/a> <em>(5 et 6 d\u00e9cembre 2022 &#8211; Saint-Lumine-de-Clisson)<\/em><\/h4>\n\n\n\n<p>La cie interrogeait la d\u00e9mocratie dans ce spectacle \u00e0 destination des adolescents.<\/p>\n\n\n\n<div class=\"wp-block-columns is-layout-flex wp-container-core-columns-is-layout-9d6595d7 wp-block-columns-is-layout-flex\">\n<div class=\"wp-block-column is-layout-flow wp-block-column-is-layout-flow\">\n<figure class=\"wp-block-image size-full\"><img loading=\"lazy\" decoding=\"async\" width=\"1080\" height=\"1080\" src=\"https:\/\/anima-productions.com\/_clients\/bravoh\/wp-content\/uploads\/2024\/06\/Design-sans-titre-2024-06-12T152008.026.jpg\" alt=\"\" class=\"wp-image-562\" srcset=\"http:\/\/anima-productions.com\/_clients\/bravoh\/wp-content\/uploads\/2024\/06\/Design-sans-titre-2024-06-12T152008.026.jpg 1080w, http:\/\/anima-productions.com\/_clients\/bravoh\/wp-content\/uploads\/2024\/06\/Design-sans-titre-2024-06-12T152008.026-300x300.jpg 300w\" sizes=\"auto, (max-width: 1080px) 100vw, 1080px\" \/><\/figure>\n<\/div>\n\n\n\n<div class=\"wp-block-column is-layout-flow wp-block-column-is-layout-flow\">\n<figure class=\"wp-block-image size-full\"><img loading=\"lazy\" decoding=\"async\" width=\"1080\" height=\"1080\" src=\"https:\/\/anima-productions.com\/_clients\/bravoh\/wp-content\/uploads\/2024\/06\/Design-sans-titre-2024-06-12T152043.083.jpg\" alt=\"\" class=\"wp-image-563\" srcset=\"http:\/\/anima-productions.com\/_clients\/bravoh\/wp-content\/uploads\/2024\/06\/Design-sans-titre-2024-06-12T152043.083.jpg 1080w, http:\/\/anima-productions.com\/_clients\/bravoh\/wp-content\/uploads\/2024\/06\/Design-sans-titre-2024-06-12T152043.083-300x300.jpg 300w\" sizes=\"auto, (max-width: 1080px) 100vw, 1080px\" \/><\/figure>\n<\/div>\n\n\n\n<div class=\"wp-block-column is-layout-flow wp-block-column-is-layout-flow\">\n<figure class=\"wp-block-image size-full\"><img loading=\"lazy\" decoding=\"async\" width=\"1080\" height=\"1080\" src=\"https:\/\/anima-productions.com\/_clients\/bravoh\/wp-content\/uploads\/2024\/06\/Design-sans-titre-2024-06-12T152816.340.jpg\" alt=\"\" class=\"wp-image-564\" srcset=\"http:\/\/anima-productions.com\/_clients\/bravoh\/wp-content\/uploads\/2024\/06\/Design-sans-titre-2024-06-12T152816.340.jpg 1080w, http:\/\/anima-productions.com\/_clients\/bravoh\/wp-content\/uploads\/2024\/06\/Design-sans-titre-2024-06-12T152816.340-300x300.jpg 300w\" sizes=\"auto, (max-width: 1080px) 100vw, 1080px\" \/><\/figure>\n<\/div>\n<\/div>\n\n\n\n<p class=\"has-text-align-center\">Retrouvez <a href=\"https:\/\/topos-lerecit.fr\/avoixhaute\/\">ICI le r\u00e9cit de<strong><em> Joue Ta Pnyx !<\/em><\/strong><\/a><\/p>\n\n\n\n<h4 class=\"wp-block-heading\"><a href=\"https:\/\/topos-lerecit.fr\/donnercorps\/\" data-type=\"link\" data-id=\"https:\/\/topos-lerecit.fr\/donnercorps\/\">La Conqu\u00eate<\/a> <em>(28 mars 2023- HAUTE GOULAINE)<\/em><\/h4>\n\n\n\n<p>La cie a interrog\u00e9 la colonisation avec son spectacle <strong><em>La Conqu\u00eate<\/em><\/strong>. Un classe du coll\u00e8ge Saint Gabriel de Haute-Goulaine a pu b\u00e9n\u00e9ficier d&rsquo;atelier en lien avec le spectacle diffus\u00e9 dans le cadre de <strong>T au Th\u00e9\u00e2tre<\/strong>.<\/p>\n\n\n\n<div class=\"wp-block-columns is-layout-flex wp-container-core-columns-is-layout-9d6595d7 wp-block-columns-is-layout-flex\">\n<div class=\"wp-block-column is-layout-flow wp-block-column-is-layout-flow\">\n<figure class=\"wp-block-image size-full\"><img loading=\"lazy\" decoding=\"async\" width=\"1080\" height=\"1080\" src=\"https:\/\/anima-productions.com\/_clients\/bravoh\/wp-content\/uploads\/2024\/06\/Design-sans-titre-2024-06-14T152412.971.jpg\" alt=\"\" class=\"wp-image-668\" srcset=\"http:\/\/anima-productions.com\/_clients\/bravoh\/wp-content\/uploads\/2024\/06\/Design-sans-titre-2024-06-14T152412.971.jpg 1080w, http:\/\/anima-productions.com\/_clients\/bravoh\/wp-content\/uploads\/2024\/06\/Design-sans-titre-2024-06-14T152412.971-300x300.jpg 300w\" sizes=\"auto, (max-width: 1080px) 100vw, 1080px\" \/><\/figure>\n<\/div>\n\n\n\n<div class=\"wp-block-column is-layout-flow wp-block-column-is-layout-flow\">\n<figure class=\"wp-block-image size-full\"><img loading=\"lazy\" decoding=\"async\" width=\"1080\" height=\"1080\" src=\"https:\/\/anima-productions.com\/_clients\/bravoh\/wp-content\/uploads\/2024\/06\/Design-sans-titre-2024-06-14T152354.751.jpg\" alt=\"\" class=\"wp-image-669\" srcset=\"http:\/\/anima-productions.com\/_clients\/bravoh\/wp-content\/uploads\/2024\/06\/Design-sans-titre-2024-06-14T152354.751.jpg 1080w, http:\/\/anima-productions.com\/_clients\/bravoh\/wp-content\/uploads\/2024\/06\/Design-sans-titre-2024-06-14T152354.751-300x300.jpg 300w\" sizes=\"auto, (max-width: 1080px) 100vw, 1080px\" \/><\/figure>\n<\/div>\n\n\n\n<div class=\"wp-block-column is-layout-flow wp-block-column-is-layout-flow\">\n<figure class=\"wp-block-image size-full\"><img loading=\"lazy\" decoding=\"async\" width=\"1080\" height=\"1080\" src=\"https:\/\/anima-productions.com\/_clients\/bravoh\/wp-content\/uploads\/2024\/06\/Design-sans-titre-2024-06-14T152431.553.jpg\" alt=\"\" class=\"wp-image-670\" srcset=\"http:\/\/anima-productions.com\/_clients\/bravoh\/wp-content\/uploads\/2024\/06\/Design-sans-titre-2024-06-14T152431.553.jpg 1080w, http:\/\/anima-productions.com\/_clients\/bravoh\/wp-content\/uploads\/2024\/06\/Design-sans-titre-2024-06-14T152431.553-300x300.jpg 300w\" sizes=\"auto, (max-width: 1080px) 100vw, 1080px\" \/><\/figure>\n<\/div>\n<\/div>\n\n\n\n<p class=\"has-text-align-center\">Retrouvez <a href=\"https:\/\/topos-lerecit.fr\/avoixhaute\/\">ICI l<\/a>e r\u00e9cit de la rencontre avec <strong>Doroth\u00e9e Saysombat<\/strong>, com\u00e9dienne et cr\u00e9atrice du spectacle <strong><em>La Conqu\u00eate<\/em><\/strong><\/p>\n\n\n\n<h4 class=\"wp-block-heading\" class=\"wp-block-heading\" id=\"cartographies-de-lavenir-6-et-13-mai-a-haute-goulaine-et-monnieres\"><a href=\"https:\/\/topos-lerecit.fr\/tempsclair\/\">Cartographies de l&rsquo;avenir<\/a> (<em>6 et 13 mai \u00e0 haute-Goulaine et Monni\u00e8res<\/em>)<\/h4>\n\n\n\n<p>La cie Les Gu\u00eapes Rouges a pr\u00e9sent\u00e9 <strong><em>Cartographies de l&rsquo;avenir<\/em><\/strong> dans des lieux insolites (une chapelle, un moulin, les marais&#8230;), un spectacle pour se questionner sur l&rsquo;avenir tout en revisitant des sites patrimoniaux.<\/p>\n\n\n\n<div class=\"wp-block-columns is-layout-flex wp-container-core-columns-is-layout-9d6595d7 wp-block-columns-is-layout-flex\">\n<div class=\"wp-block-column is-layout-flow wp-block-column-is-layout-flow\">\n<figure class=\"wp-block-image size-full\"><img loading=\"lazy\" decoding=\"async\" width=\"1080\" height=\"1080\" src=\"https:\/\/anima-productions.com\/_clients\/bravoh\/wp-content\/uploads\/2024\/06\/Design-sans-titre-2024-06-14T153525.374.jpg\" alt=\"\" class=\"wp-image-671\" srcset=\"http:\/\/anima-productions.com\/_clients\/bravoh\/wp-content\/uploads\/2024\/06\/Design-sans-titre-2024-06-14T153525.374.jpg 1080w, http:\/\/anima-productions.com\/_clients\/bravoh\/wp-content\/uploads\/2024\/06\/Design-sans-titre-2024-06-14T153525.374-300x300.jpg 300w\" sizes=\"auto, (max-width: 1080px) 100vw, 1080px\" \/><\/figure>\n<\/div>\n\n\n\n<div class=\"wp-block-column is-layout-flow wp-block-column-is-layout-flow\">\n<figure class=\"wp-block-image size-full\"><img loading=\"lazy\" decoding=\"async\" width=\"1080\" height=\"1080\" src=\"https:\/\/anima-productions.com\/_clients\/bravoh\/wp-content\/uploads\/2024\/06\/Design-sans-titre-2024-06-14T153541.794.jpg\" alt=\"\" class=\"wp-image-672\" srcset=\"http:\/\/anima-productions.com\/_clients\/bravoh\/wp-content\/uploads\/2024\/06\/Design-sans-titre-2024-06-14T153541.794.jpg 1080w, http:\/\/anima-productions.com\/_clients\/bravoh\/wp-content\/uploads\/2024\/06\/Design-sans-titre-2024-06-14T153541.794-300x300.jpg 300w\" sizes=\"auto, (max-width: 1080px) 100vw, 1080px\" \/><\/figure>\n<\/div>\n\n\n\n<div class=\"wp-block-column is-layout-flow wp-block-column-is-layout-flow\">\n<figure class=\"wp-block-image size-full\"><img loading=\"lazy\" decoding=\"async\" width=\"1080\" height=\"1080\" src=\"https:\/\/anima-productions.com\/_clients\/bravoh\/wp-content\/uploads\/2024\/06\/Design-sans-titre-2024-06-14T153615.839.jpg\" alt=\"\" class=\"wp-image-673\" srcset=\"http:\/\/anima-productions.com\/_clients\/bravoh\/wp-content\/uploads\/2024\/06\/Design-sans-titre-2024-06-14T153615.839.jpg 1080w, http:\/\/anima-productions.com\/_clients\/bravoh\/wp-content\/uploads\/2024\/06\/Design-sans-titre-2024-06-14T153615.839-300x300.jpg 300w\" sizes=\"auto, (max-width: 1080px) 100vw, 1080px\" \/><\/figure>\n<\/div>\n<\/div>\n\n\n\n<p class=\"has-text-align-center\">Retrouvez <a href=\"https:\/\/topos-lerecit.fr\/tempsclair\/\">ICI le r\u00e9cit de la deuxi\u00e8me journ\u00e9e des <strong><em>Cartographies de l&rsquo;avenir<\/em><\/strong> \u00e0 Monni\u00e8res <\/a><\/p>\n\n\n\n<h4 class=\"wp-block-heading\" class=\"wp-block-heading\" id=\"paradise-fest-3-juin-2023-remouille\"><strong><a href=\"https:\/\/topos-lerecit.fr\/letempsdelafete\/\">Paradise Fest<\/a><\/strong> <em>(3 juin 2023 &#8211; Remouill\u00e9)<\/em><\/h4>\n\n\n\n<p>Le Collectif l&rsquo;Ecole Parall\u00e8le Imaginaire dirig\u00e9 par Simon Gauchet a invent\u00e9 le <a href=\"https:\/\/topos-lerecit.fr\/letempsdelafete\/\" data-type=\"link\" data-id=\"https:\/\/topos-lerecit.fr\/letempsdelafete\/\">ParadiseFest <\/a>\u00e0 <strong>Remouill\u00e9<\/strong>, un magnifique projet festif et f\u00e9d\u00e9rateur, cr\u00e9\u00e9 sp\u00e9cifiquement pour et avec le territoire, au plus pr\u00e8s des habitants.<\/p>\n\n\n\n<div class=\"wp-block-columns is-layout-flex wp-container-core-columns-is-layout-9d6595d7 wp-block-columns-is-layout-flex\">\n<div class=\"wp-block-column is-layout-flow wp-block-column-is-layout-flow\">\n<figure class=\"wp-block-image size-full\"><a href=\"https:\/\/topos-lerecit.fr\/letempsdelafete\/\"><img loading=\"lazy\" decoding=\"async\" width=\"1080\" height=\"1080\" src=\"https:\/\/anima-productions.com\/_clients\/bravoh\/wp-content\/uploads\/2024\/06\/Design-sans-titre-2024-06-12T143823.396.jpg\" alt=\"\" class=\"wp-image-531\" srcset=\"http:\/\/anima-productions.com\/_clients\/bravoh\/wp-content\/uploads\/2024\/06\/Design-sans-titre-2024-06-12T143823.396.jpg 1080w, http:\/\/anima-productions.com\/_clients\/bravoh\/wp-content\/uploads\/2024\/06\/Design-sans-titre-2024-06-12T143823.396-300x300.jpg 300w\" sizes=\"auto, (max-width: 1080px) 100vw, 1080px\" \/><\/a><\/figure>\n<\/div>\n\n\n\n<div class=\"wp-block-column is-layout-flow wp-block-column-is-layout-flow\">\n<figure class=\"wp-block-image size-full\"><a href=\"https:\/\/topos-lerecit.fr\/letempsdelafete\/\"><img loading=\"lazy\" decoding=\"async\" width=\"1080\" height=\"1080\" src=\"https:\/\/anima-productions.com\/_clients\/bravoh\/wp-content\/uploads\/2024\/06\/Design-sans-titre-2024-06-12T143913.938.jpg\" alt=\"\" class=\"wp-image-532\" srcset=\"http:\/\/anima-productions.com\/_clients\/bravoh\/wp-content\/uploads\/2024\/06\/Design-sans-titre-2024-06-12T143913.938.jpg 1080w, http:\/\/anima-productions.com\/_clients\/bravoh\/wp-content\/uploads\/2024\/06\/Design-sans-titre-2024-06-12T143913.938-300x300.jpg 300w\" sizes=\"auto, (max-width: 1080px) 100vw, 1080px\" \/><\/a><\/figure>\n<\/div>\n\n\n\n<div class=\"wp-block-column is-layout-flow wp-block-column-is-layout-flow\">\n<figure class=\"wp-block-image size-full\"><a href=\"https:\/\/topos-lerecit.fr\/letempsdelafete\/\"><img loading=\"lazy\" decoding=\"async\" width=\"1080\" height=\"1080\" src=\"https:\/\/anima-productions.com\/_clients\/bravoh\/wp-content\/uploads\/2024\/06\/Design-sans-titre-2024-06-12T143847.115.jpg\" alt=\"\" class=\"wp-image-533\" srcset=\"http:\/\/anima-productions.com\/_clients\/bravoh\/wp-content\/uploads\/2024\/06\/Design-sans-titre-2024-06-12T143847.115.jpg 1080w, http:\/\/anima-productions.com\/_clients\/bravoh\/wp-content\/uploads\/2024\/06\/Design-sans-titre-2024-06-12T143847.115-300x300.jpg 300w\" sizes=\"auto, (max-width: 1080px) 100vw, 1080px\" \/><\/a><\/figure>\n<\/div>\n<\/div>\n\n\n\n<div class=\"wp-block-columns is-layout-flex wp-container-core-columns-is-layout-9d6595d7 wp-block-columns-is-layout-flex\">\n<div class=\"wp-block-column is-layout-flow wp-block-column-is-layout-flow\">\n<p class=\"has-text-align-center\">Retrouvez <a href=\"https:\/\/topos-lerecit.fr\/letempsdelafete\/\">ICI toutes les photos et le r\u00e9cit du ParadiseFest<\/a><\/p>\n<\/div>\n<\/div>\n\n\n\n<h4 class=\"wp-block-heading\" class=\"wp-block-heading\" id=\"suzie-plessis-party-1er-et-2-juillet-2023-aigrefeuille-sur-maine\">Suzie Plessis Party ( <em>1er et 2 juillet 2023 &#8211; Aigrefeuille-sur-maine<\/em>)<\/h4>\n\n\n\n<p>Le temps d&rsquo;un week-end, Madame Suzie nous a offert un temps de f\u00eate et un souffle de l\u00e9geret\u00e9 pour c\u00e9l\u00e9brer la fin de la saison culturelle et les 20 ans de leur collectif !<\/p>\n\n\n\n<div class=\"wp-block-columns is-layout-flex wp-container-core-columns-is-layout-9d6595d7 wp-block-columns-is-layout-flex\">\n<div class=\"wp-block-column is-layout-flow wp-block-column-is-layout-flow\">\n<figure class=\"wp-block-image size-full\"><a href=\"https:\/\/topos-lerecit.fr\/dansunsouffle\/\"><img loading=\"lazy\" decoding=\"async\" width=\"1080\" height=\"1080\" src=\"https:\/\/anima-productions.com\/_clients\/bravoh\/wp-content\/uploads\/2024\/06\/Design-sans-titre-2024-06-14T154546.870.jpg\" alt=\"\" class=\"wp-image-675\" srcset=\"http:\/\/anima-productions.com\/_clients\/bravoh\/wp-content\/uploads\/2024\/06\/Design-sans-titre-2024-06-14T154546.870.jpg 1080w, http:\/\/anima-productions.com\/_clients\/bravoh\/wp-content\/uploads\/2024\/06\/Design-sans-titre-2024-06-14T154546.870-300x300.jpg 300w\" sizes=\"auto, (max-width: 1080px) 100vw, 1080px\" \/><\/a><\/figure>\n<\/div>\n\n\n\n<div class=\"wp-block-column is-layout-flow wp-block-column-is-layout-flow\">\n<figure class=\"wp-block-image size-full\"><a href=\"https:\/\/topos-lerecit.fr\/dansunsouffle\/\"><img loading=\"lazy\" decoding=\"async\" width=\"1080\" height=\"1080\" src=\"https:\/\/anima-productions.com\/_clients\/bravoh\/wp-content\/uploads\/2024\/06\/Design-sans-titre-3.png\" alt=\"\" class=\"wp-image-676\" srcset=\"http:\/\/anima-productions.com\/_clients\/bravoh\/wp-content\/uploads\/2024\/06\/Design-sans-titre-3.png 1080w, http:\/\/anima-productions.com\/_clients\/bravoh\/wp-content\/uploads\/2024\/06\/Design-sans-titre-3-300x300.png 300w\" sizes=\"auto, (max-width: 1080px) 100vw, 1080px\" \/><\/a><\/figure>\n<\/div>\n\n\n\n<div class=\"wp-block-column is-layout-flow wp-block-column-is-layout-flow\">\n<figure class=\"wp-block-image size-full\"><a href=\"https:\/\/topos-lerecit.fr\/dansunsouffle\/\"><img loading=\"lazy\" decoding=\"async\" width=\"1080\" height=\"1080\" src=\"https:\/\/anima-productions.com\/_clients\/bravoh\/wp-content\/uploads\/2024\/06\/Design-sans-titre-2024-06-14T154641.075-1.jpg\" alt=\"\" class=\"wp-image-677\" srcset=\"http:\/\/anima-productions.com\/_clients\/bravoh\/wp-content\/uploads\/2024\/06\/Design-sans-titre-2024-06-14T154641.075-1.jpg 1080w, http:\/\/anima-productions.com\/_clients\/bravoh\/wp-content\/uploads\/2024\/06\/Design-sans-titre-2024-06-14T154641.075-1-300x300.jpg 300w\" sizes=\"auto, (max-width: 1080px) 100vw, 1080px\" \/><\/a><\/figure>\n<\/div>\n<\/div>\n\n\n\n<p>Retrouvez<a href=\"https:\/\/topos-lerecit.fr\/dansunsouffle\/\"> ICI les photos de ce week-end anniversaire \u00e0 Aigrefeuille-sur-Maine <\/a><\/p>\n\n\n\n<hr class=\"wp-block-separator has-alpha-channel-opacity\"\/>\n\n\n\n<h2 class=\"wp-block-heading has-text-align-center\" class=\"wp-block-heading has-text-align-center\" id=\"topos2\">TOPO(S)#2<\/h2>\n\n\n\n<p>Cette seconde \u00e9dition qui a eu lieu les 7 et 8 juin 2024 \u00e0 Boussay, a mis \u00e0 l&rsquo;honneur la danse et les paysages. Qu&rsquo;est-ce que danser dans un paysage ? Comment la nature qui nous entoure influe l&rsquo;oeuvre chor\u00e9graphique et le regard du spectateur? Si le paysage \u00e9tait un geste , lequel serait-il ?<\/p>\n\n\n\n<p>Durant deux jours, sept compagnies ont investi des espaces naturels pour nous offrir des temps de danse en ext\u00e9rieur.<\/p>\n\n\n\n<figure class=\"wp-block-image size-full\"><a href=\"https:\/\/www.calameo.com\/read\/00496783760d3b3ee341b\"><img loading=\"lazy\" decoding=\"async\" width=\"2063\" height=\"781\" src=\"https:\/\/anima-productions.com\/_clients\/bravoh\/wp-content\/uploads\/2024\/06\/Topos_RS_web.jpg\" alt=\"\" class=\"wp-image-683\" srcset=\"http:\/\/anima-productions.com\/_clients\/bravoh\/wp-content\/uploads\/2024\/06\/Topos_RS_web.jpg 2063w, http:\/\/anima-productions.com\/_clients\/bravoh\/wp-content\/uploads\/2024\/06\/Topos_RS_web-300x114.jpg 300w, http:\/\/anima-productions.com\/_clients\/bravoh\/wp-content\/uploads\/2024\/06\/Topos_RS_web-1536x581.jpg 1536w, http:\/\/anima-productions.com\/_clients\/bravoh\/wp-content\/uploads\/2024\/06\/Topos_RS_web-2048x775.jpg 2048w, http:\/\/anima-productions.com\/_clients\/bravoh\/wp-content\/uploads\/2024\/06\/Topos_RS_web-1568x594.jpg 1568w, http:\/\/anima-productions.com\/_clients\/bravoh\/wp-content\/uploads\/2024\/06\/Topos_RS_web-1800x681.jpg 1800w\" sizes=\"auto, (max-width: 2063px) 100vw, 2063px\" \/><\/a><\/figure>\n\n\n\n<p><a href=\"https:\/\/www.calameo.com\/read\/00496783760d3b3ee341b\">Retrouvez ICI le programme complet du festival <\/a><\/p>\n\n\n\n<p><\/p>\n","protected":false},"excerpt":{"rendered":"<p>TOPO(S) est un \u00e9v\u00e8nement imagin\u00e9 par Clisson S\u00e8vre et maine Agglo pour, chaque ann\u00e9e, mettre \u00e0 l&rsquo;honneur le territoire, dans toute sa diversit\u00e9, \u00e0 la rencontre de l&rsquo;art. Apr\u00e8s une premi\u00e8re \u00e9dition consacr\u00e9e \u00e0 interroger la notion de territoire, une deuxi\u00e8me d\u00e9di\u00e9e \u00e0 la danse et aux paysages, l&rsquo;\u00e9dition 2025 va donner la parole et&hellip; <a class=\"more-link\" href=\"http:\/\/anima-productions.com\/_clients\/bravoh\/topos\/\">Continue reading <span class=\"screen-reader-text\">TOPO(S)<\/span><\/a><\/p>\n","protected":false},"author":3,"featured_media":465,"parent":0,"menu_order":0,"comment_status":"closed","ping_status":"closed","template":"","meta":{"_acf_changed":false,"footnotes":""},"class_list":["post-458","page","type-page","status-publish","has-post-thumbnail","hentry","entry"],"acf":[],"_links":{"self":[{"href":"http:\/\/anima-productions.com\/_clients\/bravoh\/wp-json\/wp\/v2\/pages\/458","targetHints":{"allow":["GET"]}}],"collection":[{"href":"http:\/\/anima-productions.com\/_clients\/bravoh\/wp-json\/wp\/v2\/pages"}],"about":[{"href":"http:\/\/anima-productions.com\/_clients\/bravoh\/wp-json\/wp\/v2\/types\/page"}],"author":[{"embeddable":true,"href":"http:\/\/anima-productions.com\/_clients\/bravoh\/wp-json\/wp\/v2\/users\/3"}],"replies":[{"embeddable":true,"href":"http:\/\/anima-productions.com\/_clients\/bravoh\/wp-json\/wp\/v2\/comments?post=458"}],"version-history":[{"count":22,"href":"http:\/\/anima-productions.com\/_clients\/bravoh\/wp-json\/wp\/v2\/pages\/458\/revisions"}],"predecessor-version":[{"id":752,"href":"http:\/\/anima-productions.com\/_clients\/bravoh\/wp-json\/wp\/v2\/pages\/458\/revisions\/752"}],"wp:featuredmedia":[{"embeddable":true,"href":"http:\/\/anima-productions.com\/_clients\/bravoh\/wp-json\/wp\/v2\/media\/465"}],"wp:attachment":[{"href":"http:\/\/anima-productions.com\/_clients\/bravoh\/wp-json\/wp\/v2\/media?parent=458"}],"curies":[{"name":"wp","href":"https:\/\/api.w.org\/{rel}","templated":true}]}}