{"id":324,"date":"2024-06-06T17:50:48","date_gmt":"2024-06-06T15:50:48","guid":{"rendered":"http:\/\/anima-productions.com\/_clients\/bravoh\/?page_id=324"},"modified":"2024-06-06T17:50:48","modified_gmt":"2024-06-06T15:50:48","slug":"soutien-a-la-creation-artistique","status":"publish","type":"page","link":"http:\/\/anima-productions.com\/_clients\/bravoh\/soutien-a-la-creation-artistique\/","title":{"rendered":"Soutien \u00e0 la cr\u00e9ation artistique"},"content":{"rendered":"<div class=\"BR24_CONTENT_BLOCK BR24_CHAPEAU\"><p>Clisson S\u00e8vre et Maine Agglo soutient la cr\u00e9ation artistique par la mise en place de r\u00e9sidences artistiques tout au long de l&rsquo;ann\u00e9e, dans son \u00e9quipement Le Quatrain. Chaque saison, plusieurs compagnies sont ainsi accompagn\u00e9es dans l\u2019\u00e9laboration de leur spectacle.<\/p>\n<\/div>\n\n<\/div> <!-- .BR24_TEXT_CONTAINER --><div class=\"BR24_CONTENT_BLOCK BR24_CONTENT_BLOCK_LARGE BR24_TEXTE_IMAGE  BR24_FLEX_REVERSED \"><div class=\"BR24_TI_VISUEL\"><img decoding=\"async\" src=\"http:\/\/anima-productions.com\/_clients\/bravoh\/wp-content\/uploads\/2024\/06\/14_juillet-13-1800x1200.jpg\"  loading=\"lazy\"\/><\/div><div class=\"BR24_TI_TEXTE\"><div class=\"BR24_TI_TEXTE_CONTENU\"><p style=\"text-align: left;\">Travailler, exp\u00e9rimenter, tester et questionner un futur spectacle. C\u2019est \u00e0 ce processus de cr\u00e9ation que participent les temps de r\u00e9sidence artistique mis en place chaque ann\u00e9e par Clisson S\u00e8vre et Maine Agglo.<br \/>\nDes temps de rencontre avec le public et les professionnels du spectacle sont \u00e9galement propos\u00e9s. Ces \u00ab sorties de r\u00e9sidence \u00bb permettent aux artistes d\u2019avoir des retours du public. Ils peuvent ainsi confirmer certains de leurs choix ou au contraire retravailler des hypoth\u00e8ses.<\/p>\n<p>En 2024-2025, sont accompagn\u00e9s :<\/p>\n<ul>\n<li>en co-production : <em>14 Juillet \/ 7 fois La R\u00e9volution (un diptyque)<\/em> de la Cie Les gu\u00eapes rouges-th\u00e9\u00e2tre et <em>Richard III<\/em> de la Cie La Poup\u00e9e qui Br\u00fble<\/li>\n<li>en cr\u00e9ation : <em>Massak Yada<\/em> de la Cie 1.5 et <em>POP<\/em> de la Cie Sac de Noeuds.<\/li>\n<\/ul>\n<\/div><\/div><\/div><div class=\"BR24_TEXT_CONTAINER\">","protected":false},"excerpt":{"rendered":"<p>Clisson S\u00e8vre et Maine Agglo soutient la cr\u00e9ation artistique par la mise en place de r\u00e9sidences artistiques tout au long de l&rsquo;ann\u00e9e, dans son \u00e9quipement Le Quatrain. Chaque saison, plusieurs compagnies sont ainsi accompagn\u00e9es dans l\u2019\u00e9laboration de leur spectacle.<\/p>\n","protected":false},"author":5,"featured_media":0,"parent":0,"menu_order":0,"comment_status":"closed","ping_status":"closed","template":"","meta":{"_acf_changed":false,"footnotes":""},"class_list":["post-324","page","type-page","status-publish","hentry","entry"],"acf":[],"_links":{"self":[{"href":"http:\/\/anima-productions.com\/_clients\/bravoh\/wp-json\/wp\/v2\/pages\/324","targetHints":{"allow":["GET"]}}],"collection":[{"href":"http:\/\/anima-productions.com\/_clients\/bravoh\/wp-json\/wp\/v2\/pages"}],"about":[{"href":"http:\/\/anima-productions.com\/_clients\/bravoh\/wp-json\/wp\/v2\/types\/page"}],"author":[{"embeddable":true,"href":"http:\/\/anima-productions.com\/_clients\/bravoh\/wp-json\/wp\/v2\/users\/5"}],"replies":[{"embeddable":true,"href":"http:\/\/anima-productions.com\/_clients\/bravoh\/wp-json\/wp\/v2\/comments?post=324"}],"version-history":[{"count":6,"href":"http:\/\/anima-productions.com\/_clients\/bravoh\/wp-json\/wp\/v2\/pages\/324\/revisions"}],"predecessor-version":[{"id":337,"href":"http:\/\/anima-productions.com\/_clients\/bravoh\/wp-json\/wp\/v2\/pages\/324\/revisions\/337"}],"wp:attachment":[{"href":"http:\/\/anima-productions.com\/_clients\/bravoh\/wp-json\/wp\/v2\/media?parent=324"}],"curies":[{"name":"wp","href":"https:\/\/api.w.org\/{rel}","templated":true}]}}