{"id":271,"date":"2024-06-03T16:30:36","date_gmt":"2024-06-03T14:30:36","guid":{"rendered":"http:\/\/anima-productions.com\/_clients\/bravoh\/?page_id=271"},"modified":"2024-06-21T16:57:48","modified_gmt":"2024-06-21T14:57:48","slug":"billetterie","status":"publish","type":"page","link":"http:\/\/anima-productions.com\/_clients\/bravoh\/billetterie\/","title":{"rendered":"Billetterie"},"content":{"rendered":"<div class=\"BR24_CONTENT_BLOCK BR24_CHAPEAU\"><\/div>\n\n<div class=\"BR24_CONTENT_BLOCK BR24_CHAPEAU\"><p><!-- wp:paragraph --><\/p>\n<p>Le service culture vous accueille et vous conseille :<!-- wp:paragraph --><\/p>\n<ul>\n<li>au Quatrain, rue de la Basse Lande \u00e0 Haute-Goulaine, les mardis et mercredis de 14h \u00e0 18h<\/li>\n<li>au 02 40 80 25 50 les mardis, mercredis et jeudi de 14h \u00e0 18h<\/li>\n<\/ul>\n<p><!-- \/wp:paragraph --><\/p>\n<\/div>\n\n\n<p><\/p>\n\n\n\n<p><strong>Vous pouvez acheter votre billet<\/strong><br>&#8211; \u00e0 l\u2019accueil aux horaires de la billetterie<br>&#8211; par t\u00e9l\u00e9phone au 02 40 80 25 50 (<em>aux horaires d\u2019ouverture de la billetterie<\/em>)<br>&#8211; <a href=\"http:\/\/billetterie.bravoh.fr\" target=\"_blank\" rel=\"noreferrer noopener\">en ligne<\/a> <strong> <\/strong><br>&#8211; par courrier en indiquant vos coordonn\u00e9es (nom, pr\u00e9nom, adresse, t\u00e9l\u00e9phone), le nom et la date du spectacle choisi ou votre choix d\u2019abonnement, et en joignant un ch\u00e8que \u00e0 l\u2019ordre de la r\u00e9gie de BRAVOH!<br>Si vous souhaitez recevoir vos billets, joignez une enveloppe timbr\u00e9e.<\/p>\n\n\n\n<p><strong>Et paye<\/strong>r<br>Par carte bancaire, ch\u00e8que (\u00e0 l\u2019ordre de la r\u00e9gie de BRAVOH!), esp\u00e8ces, ch\u00e8ques vacances, ch\u00e8ques culture, e.pass culture sport de la R\u00e9gion Pays de la Loire<br><\/p>\n\n\n\n<hr class=\"wp-block-separator has-alpha-channel-opacity\"\/>\n\n\n\n<h3 class=\"wp-block-heading\" class=\"wp-block-heading\" id=\"avez-vous-pense-a-labonnement\">Avez-vous pens\u00e9 \u00e0 l&rsquo;abonnement ?<\/h3>\n\n\n\n<p><strong>En vous abonnant, vous b\u00e9n\u00e9ficiez de places \u00e0 moiti\u00e9 prix<\/strong> !<br>Achetez une carte BRAVOH&nbsp;! \u00e0 :<br>12 \u20ac (<em>tarif plein<\/em>) \/ 10 \u20ac (<em>tarif r\u00e9duit<\/em>) \/ 6 \u20ac (<em>tarif jeune &amp; solidaire<\/em>)<br>et profitez pendant 1 an, \u00e0 partir de la date d&rsquo;achat, de 50 % de r\u00e9duction sur tous les spectacles (hors tarif sp\u00e9cial).<\/p>\n\n\n\n<p><strong>Les + pour les abonn\u00e9s<\/strong><br>&#8211; invitation \u00e0 des rendez-vous privil\u00e9gi\u00e9s <br>&#8211; la pr\u00e9sentation de la saison en avant-premi\u00e8re<br>&#8211; l\u2019acc\u00e8s \u00e0 des spectacles dans les salles partenaires<\/p>\n\n\n\n<hr class=\"wp-block-separator has-alpha-channel-opacity\"\/>\n\n\n\n<h3 class=\"wp-block-heading\" class=\"wp-block-heading\" id=\"spectateur-solidaire\">Spectateur solidaire <\/h3>\n\n\n\n<p>Vous avez la possibilit\u00e9 de majorer votre abonnement ou votre place de spectacle de 1, 5, 8, 10 ou 12\u20ac et ainsi permettre \u00e0 des personnes \u00e9loign\u00e9es de l\u2019offre culturelle d\u2019acc\u00e9der aux spectacles de la saison culturelle.<\/p>\n\n\n\n<ul class=\"wp-block-list\"><\/ul>\n","protected":false},"excerpt":{"rendered":"<p>Le service culture vous accueille et vous conseille : au Quatrain, rue de la Basse Lande \u00e0 Haute-Goulaine, les mardis et mercredis de 14h \u00e0 18h au 02 40 80 25 50 les mardis, mercredis et jeudi de 14h \u00e0 18h Vous pouvez acheter votre billet&#8211; \u00e0 l\u2019accueil aux horaires de la billetterie&#8211; par t\u00e9l\u00e9phone&hellip; <a class=\"more-link\" href=\"http:\/\/anima-productions.com\/_clients\/bravoh\/billetterie\/\">Continue reading <span class=\"screen-reader-text\">Billetterie<\/span><\/a><\/p>\n","protected":false},"author":5,"featured_media":0,"parent":0,"menu_order":0,"comment_status":"closed","ping_status":"closed","template":"","meta":{"_acf_changed":false,"footnotes":""},"class_list":["post-271","page","type-page","status-publish","hentry","entry"],"acf":[],"_links":{"self":[{"href":"http:\/\/anima-productions.com\/_clients\/bravoh\/wp-json\/wp\/v2\/pages\/271","targetHints":{"allow":["GET"]}}],"collection":[{"href":"http:\/\/anima-productions.com\/_clients\/bravoh\/wp-json\/wp\/v2\/pages"}],"about":[{"href":"http:\/\/anima-productions.com\/_clients\/bravoh\/wp-json\/wp\/v2\/types\/page"}],"author":[{"embeddable":true,"href":"http:\/\/anima-productions.com\/_clients\/bravoh\/wp-json\/wp\/v2\/users\/5"}],"replies":[{"embeddable":true,"href":"http:\/\/anima-productions.com\/_clients\/bravoh\/wp-json\/wp\/v2\/comments?post=271"}],"version-history":[{"count":20,"href":"http:\/\/anima-productions.com\/_clients\/bravoh\/wp-json\/wp\/v2\/pages\/271\/revisions"}],"predecessor-version":[{"id":838,"href":"http:\/\/anima-productions.com\/_clients\/bravoh\/wp-json\/wp\/v2\/pages\/271\/revisions\/838"}],"wp:attachment":[{"href":"http:\/\/anima-productions.com\/_clients\/bravoh\/wp-json\/wp\/v2\/media?parent=271"}],"curies":[{"name":"wp","href":"https:\/\/api.w.org\/{rel}","templated":true}]}}